{"id":1324,"date":"2022-02-24T05:03:32","date_gmt":"2022-02-24T05:03:32","guid":{"rendered":"http:\/\/furmannarch.com\/index.php\/about\/"},"modified":"2023-03-21T23:16:36","modified_gmt":"2023-03-21T23:16:36","slug":"about","status":"publish","type":"page","link":"https:\/\/furmannarch.com\/index.php\/about\/","title":{"rendered":"Sobre n\u00f3s"},"content":{"rendered":"\n<div class=\"wp-block-uagb-container uagb-block-805fbd9b alignfull uagb-is-root-container\"><div class=\"uagb-container-inner-blocks-wrap\">\n<div class=\"wp-block-uagb-advanced-heading uagb-block-12784237\"><h1 class=\"uagb-heading-text\">Sobre n\u00f3s<\/h1><\/div>\n<\/div><\/div>\n\n\n\n<div class=\"wp-block-uagb-container uagb-block-221ef156 alignfull uagb-is-root-container\"><div class=\"uagb-container-inner-blocks-wrap\">\n<div class=\"wp-block-uagb-advanced-heading uagb-block-80e333a5\"><h2 class=\"uagb-heading-text\">FurmannArch nasceu de um sonho antigo e mais de 20 anos de experi\u00eancia na \u00e1rea.<\/h2><\/div>\n\n\n\n<p>M\u00e3e e filho unidos em um prop\u00f3sito: realizar sonhos atrav\u00e9s de uma arquitetura sustent\u00e1vel que explora os sentidos e acolhe.<\/p>\n\n\n\n<div class=\"wp-block-columns is-layout-flex wp-container-core-columns-is-layout-1 wp-block-columns-is-layout-flex\">\n<div class=\"wp-block-column is-layout-flow wp-block-column-is-layout-flow\">\n<div class=\"wp-block-uagb-image uagb-block-d8a91a88 wp-block-uagb-image--layout-default wp-block-uagb-image--effect-static wp-block-uagb-image--align-none\"><figure class=\"wp-block-uagb-image__figure\"><img loading=\"lazy\" decoding=\"async\" srcset=\"https:\/\/furmannarch.com\/wp-content\/uploads\/2022\/09\/Prancheta-1-1024x1024.png \" src=\"https:\/\/furmannarch.com\/wp-content\/uploads\/2022\/09\/Prancheta-1-1024x1024.png\" alt=\"\" class=\"uag-image-1838\" width=\"1024\" height=\"1024\" title=\"\"\/><\/figure><\/div>\n<\/div>\n\n\n\n<div class=\"wp-block-column is-layout-flow wp-block-column-is-layout-flow\">\n<div class=\"wp-block-uagb-image uagb-block-c68c3440 wp-block-uagb-image--layout-default wp-block-uagb-image--effect-static wp-block-uagb-image--align-none\"><figure class=\"wp-block-uagb-image__figure\"><img decoding=\"async\" srcset=\"https:\/\/furmannarch.com\/wp-content\/uploads\/2022\/09\/Prancheta-1-1-1024x1024.png \" src=\"https:\/\/furmannarch.com\/wp-content\/uploads\/2022\/09\/Prancheta-1-1-1024x1024.png\" alt=\"\" class=\"uag-image-1839\" width=\"\" height=\"\" title=\"\"\/><\/figure><\/div>\n<\/div>\n<\/div>\n\n\n\n<div class=\"wp-block-uagb-container uagb-block-fd136ee0\">\n<div class=\"wp-block-uagb-container uagb-block-88a234c9\">\n<div class=\"wp-block-uagb-info-box uagb-block-c76304a2 uagb-infobox__content-wrap  uagb-infobox-icon-above-title uagb-infobox-image-valign-top\"><div class=\"uagb-ifb-content\"><div class=\"uagb-ifb-title-wrap\"><h3 class=\"uagb-ifb-title\">Felipe<\/h3><\/div><p class=\"uagb-ifb-desc\">Felipe \u00e9 estudante de arquitetura e urbanismo, atua na \u00e1rea de softwares 3D e 2D para a melhor representa\u00e7\u00e3o poss\u00edvel do seu projeto.<\/p><\/div><\/div>\n<\/div>\n\n\n\n<div class=\"wp-block-uagb-container uagb-block-f7506fb0\">\n<div class=\"wp-block-uagb-info-box uagb-block-5591b9af uagb-infobox__content-wrap  uagb-infobox-icon-above-title uagb-infobox-image-valign-top\"><div class=\"uagb-ifb-content\"><div class=\"uagb-ifb-title-wrap\"><h3 class=\"uagb-ifb-title\">Milene<\/h3><\/div><p class=\"uagb-ifb-desc\">Milene \u00e9 Arquiteta e urbanista, gestora ambiental e designer de interiores com 20 anos de experi\u00eancia na \u00e1rea.<\/p><\/div><\/div>\n<\/div>\n<\/div>\n<\/div><\/div>\n\n\n\n<div class=\"wp-block-uagb-container uagb-block-453a9a14 alignfull uagb-is-root-container\"><div class=\"uagb-container-inner-blocks-wrap\">\n<div class=\"wp-block-uagb-testimonial uagb-slick-carousel uagb-tm__arrow-outside uagb-block-aa0ae310 uagb-post__carousel_notset uagb-post__carousel_notset-tablet uagb-post__carousel_notset-mobile\"><div class=\"is-carousel uagb-tm__columns-1 uagb-tm__items\"><div class=\"uagb-testimonial__wrap  uagb-tm__imgicon-style-circle uagb-tm__image-position-bottom uagb-tm__bg-type-none \"><div class=\"uagb-tm__content\"><div class=\"uagb-tm__overlay\"><\/div><div class=\"uagb-tm__text-wrap\"><div class=\"uagb-tm__desc\">\u201cArquitetura \u00e9 a jun\u00e7\u00e3o correta das cores, formas e luz dispostas sobre uma mesa.\u201d<\/div><div class=\"uagb-tm__meta-inner\"><div class=\"uagb-tm__image-content\"><div class=\"uagb-tm__image\"><img decoding=\"async\" class=\"uagb-tm-img-src\" src=\"https:\/\/furmannarch.com\/wp-content\/uploads\/2022\/09\/Bola_01-150x150.png\" alt=\"\"\/><\/div><\/div><div class=\"uagb-testimonial-details\"><span class=\"uagb-tm__author-name\">Felipe Furmann<\/span><span class=\"uagb-tm__company\">Furmann Arquitetura<\/span><\/div><\/div><\/div><\/div><\/div><\/div><\/div>\n<\/div><\/div>\n","protected":false},"excerpt":{"rendered":"<p>Sobre n\u00f3s FurmannArch nasceu de um sonho antigo e mais de 20 anos de experi\u00eancia na \u00e1rea. M\u00e3e e filho unidos em um prop\u00f3sito: realizar sonhos atrav\u00e9s de uma arquitetura sustent\u00e1vel que explora os sentidos e acolhe.<\/p>\n","protected":false},"author":1,"featured_media":0,"parent":0,"menu_order":0,"comment_status":"closed","ping_status":"closed","template":"","meta":{"_uag_custom_page_level_css":"","site-sidebar-layout":"no-sidebar","site-content-layout":"page-builder","ast-global-header-display":"","ast-main-header-display":"","ast-hfb-above-header-display":"","ast-hfb-below-header-display":"","ast-hfb-mobile-header-display":"","site-post-title":"disabled","ast-breadcrumbs-content":"","ast-featured-img":"disabled","footer-sml-layout":"","theme-transparent-header-meta":"enabled","adv-header-id-meta":"","stick-header-meta":"","header-above-stick-meta":"","header-main-stick-meta":"","header-below-stick-meta":"","footnotes":""},"aioseo_notices":[],"uagb_featured_image_src":{"full":false,"thumbnail":false,"medium":false,"medium_large":false,"large":false,"1536x1536":false,"2048x2048":false},"uagb_author_info":{"display_name":"furmannarch@hotmail.com","author_link":"https:\/\/furmannarch.com\/index.php\/author\/furmannarchhotmail-com\/"},"uagb_comment_info":0,"uagb_excerpt":"Sobre n\u00f3s FurmannArch nasceu de um sonho antigo e mais de 20 anos de experi\u00eancia na \u00e1rea. M\u00e3e e filho unidos em um prop\u00f3sito: realizar sonhos atrav\u00e9s de uma arquitetura sustent\u00e1vel que explora os sentidos e acolhe.","_links":{"self":[{"href":"https:\/\/furmannarch.com\/index.php\/wp-json\/wp\/v2\/pages\/1324"}],"collection":[{"href":"https:\/\/furmannarch.com\/index.php\/wp-json\/wp\/v2\/pages"}],"about":[{"href":"https:\/\/furmannarch.com\/index.php\/wp-json\/wp\/v2\/types\/page"}],"author":[{"embeddable":true,"href":"https:\/\/furmannarch.com\/index.php\/wp-json\/wp\/v2\/users\/1"}],"replies":[{"embeddable":true,"href":"https:\/\/furmannarch.com\/index.php\/wp-json\/wp\/v2\/comments?post=1324"}],"version-history":[{"count":10,"href":"https:\/\/furmannarch.com\/index.php\/wp-json\/wp\/v2\/pages\/1324\/revisions"}],"predecessor-version":[{"id":1988,"href":"https:\/\/furmannarch.com\/index.php\/wp-json\/wp\/v2\/pages\/1324\/revisions\/1988"}],"wp:attachment":[{"href":"https:\/\/furmannarch.com\/index.php\/wp-json\/wp\/v2\/media?parent=1324"}],"curies":[{"name":"wp","href":"https:\/\/api.w.org\/{rel}","templated":true}]}}