{"id":1938,"date":"2022-09-19T03:07:34","date_gmt":"2022-09-19T03:07:34","guid":{"rendered":"https:\/\/furmannarch.com\/?page_id=1938"},"modified":"2022-09-19T04:34:18","modified_gmt":"2022-09-19T04:34:18","slug":"quarto-gamer","status":"publish","type":"page","link":"https:\/\/furmannarch.com\/index.php\/quarto-gamer\/","title":{"rendered":"Quarto Gamer"},"content":{"rendered":"\n<div class=\"wp-block-uagb-container uagb-block-c7a43fed alignfull uagb-is-root-container\"><div class=\"uagb-container-inner-blocks-wrap\">\n<div class=\"wp-block-uagb-container uagb-block-a282e5f5\">\n<div class=\"wp-block-uagb-info-box uagb-block-c1f54d04 uagb-infobox__content-wrap  uagb-infobox-icon-above-title uagb-infobox-image-valign-top\"><div class=\"uagb-ifb-content\"><div class=\"uagb-ifb-title-wrap\"><h3 class=\"uagb-ifb-title\">Quarto Gamer<\/h3><\/div><p class=\"uagb-ifb-desc\">Quarto com cerca de 6m<sup><code><mark style=\"background-color:rgba(0, 0, 0, 0)\" class=\"has-inline-color has-ast-global-color-5-color\">2<\/mark><\/code><\/sup> totalmente equipado<br>para uma jogatina, estudos e lazer que o dia a dia pede.<\/p><div class=\"uagb-ifb-button-wrapper wp-block-button\"><a href=\"#\" target=\"_self\" class=\"uagb-infobox-cta-link\" rel=\"noopener noreferrer\" alt=\"\"><span class=\"uagb-inline-editing\">Este tipo de quarto requer um layout bem resolvido, seu tamanho reduzido e a necessidade de alocar<br>um computador com diversos perif\u00e9ricos necessita de solu\u00e7\u00f5es inteligentes. Foram criados um<br>ba\u00fa embutido na bancada para o cable management, e uma torre retr\u00e1til de tomadas <br>para alimentar os eletr\u00f4nicos que um verdadeiro gamer utiliza no seu dia a dia.<br>Foram utilizadas cores quentes para a ilumina\u00e7\u00e3o e para o BP madeirado, proporcionando um ambiente confort\u00e1vel<br>e relaxante para n\u00e3o haverem distra\u00e7\u00f5es durante o game play.<\/span><\/a><\/div><\/div><\/div>\n<\/div>\n<\/div><\/div>\n\n\n\n<div class=\"wp-block-uagb-container uagb-block-84640aa8 alignfull uagb-is-root-container\"><div class=\"uagb-container-inner-blocks-wrap\">\n<div class=\"wp-block-uagb-container uagb-block-bc540ee7\">\n<div class=\"wp-block-uagb-image uagb-block-f6752701 wp-block-uagb-image--layout-default wp-block-uagb-image--effect-static wp-block-uagb-image--align-none\"><figure class=\"wp-block-uagb-image__figure\"><img decoding=\"async\" srcset=\"https:\/\/furmannarch.com\/wp-content\/uploads\/2022\/09\/Enscape_2022-02-23-21-10-18_Cena-3-1024x1024.png \" src=\"https:\/\/furmannarch.com\/wp-content\/uploads\/2022\/09\/Enscape_2022-02-23-21-10-18_Cena-3-1024x1024.png\" alt=\"\" class=\"uag-image-1941\" width=\"\" height=\"\" title=\"\"\/><\/figure><\/div>\n<\/div>\n\n\n\n<div class=\"wp-block-uagb-container uagb-block-a02f8901\">\n<div class=\"wp-block-uagb-image uagb-block-6c88ba8f wp-block-uagb-image--layout-default wp-block-uagb-image--effect-static wp-block-uagb-image--align-none\"><figure class=\"wp-block-uagb-image__figure\"><img decoding=\"async\" srcset=\"https:\/\/furmannarch.com\/wp-content\/uploads\/2022\/09\/Enscape_2022-02-23-21-10-18_Cena-4-1024x1024.png \" src=\"https:\/\/furmannarch.com\/wp-content\/uploads\/2022\/09\/Enscape_2022-02-23-21-10-18_Cena-4-1024x1024.png\" alt=\"\" class=\"uag-image-1942\" width=\"\" height=\"\" title=\"\"\/><\/figure><\/div>\n<\/div>\n\n\n\n<div class=\"wp-block-uagb-container uagb-block-3e669dbb\">\n<div class=\"wp-block-uagb-image uagb-block-d51b26ee wp-block-uagb-image--layout-default wp-block-uagb-image--effect-static wp-block-uagb-image--align-none\"><figure class=\"wp-block-uagb-image__figure\"><img decoding=\"async\" srcset=\"https:\/\/furmannarch.com\/wp-content\/uploads\/2022\/09\/Enscape_2022-02-23-21-10-18_Cena-5-1024x1024.png \" src=\"https:\/\/furmannarch.com\/wp-content\/uploads\/2022\/09\/Enscape_2022-02-23-21-10-18_Cena-5-1024x1024.png\" alt=\"\" class=\"uag-image-1943\" width=\"\" height=\"\" title=\"\"\/><\/figure><\/div>\n<\/div>\n<\/div><\/div>\n\n\n\n<div class=\"wp-block-uagb-container uagb-block-04762f6b alignfull uagb-is-root-container\"><div class=\"uagb-container-inner-blocks-wrap\">\n<div class=\"wp-block-uagb-container uagb-block-64943101\">\n<div class=\"wp-block-uagb-image uagb-block-2f31aee5 wp-block-uagb-image--layout-default wp-block-uagb-image--effect-static wp-block-uagb-image--align-none\"><figure class=\"wp-block-uagb-image__figure\"><img decoding=\"async\" srcset=\"https:\/\/furmannarch.com\/wp-content\/uploads\/2022\/09\/Enscape_2022-02-23-21-10-18_Cena-6-1024x1024.png \" src=\"https:\/\/furmannarch.com\/wp-content\/uploads\/2022\/09\/Enscape_2022-02-23-21-10-18_Cena-6-1024x1024.png\" alt=\"\" class=\"uag-image-1944\" width=\"\" height=\"\" title=\"\"\/><\/figure><\/div>\n<\/div>\n\n\n\n<div class=\"wp-block-uagb-container uagb-block-d2169fdb\">\n<div class=\"wp-block-uagb-image uagb-block-0af56e45 wp-block-uagb-image--layout-default wp-block-uagb-image--effect-static wp-block-uagb-image--align-none\"><figure class=\"wp-block-uagb-image__figure\"><img decoding=\"async\" srcset=\"https:\/\/furmannarch.com\/wp-content\/uploads\/2022\/09\/Enscape_2022-02-23-21-10-18_Cena-7-1024x1024.png \" src=\"https:\/\/furmannarch.com\/wp-content\/uploads\/2022\/09\/Enscape_2022-02-23-21-10-18_Cena-7-1024x1024.png\" alt=\"\" class=\"uag-image-1945\" width=\"\" height=\"\" title=\"\"\/><\/figure><\/div>\n<\/div>\n\n\n\n<div class=\"wp-block-uagb-container uagb-block-d286a952\">\n<div class=\"wp-block-uagb-image uagb-block-667392ed wp-block-uagb-image--layout-default wp-block-uagb-image--effect-static wp-block-uagb-image--align-none\"><figure class=\"wp-block-uagb-image__figure\"><img decoding=\"async\" srcset=\"https:\/\/furmannarch.com\/wp-content\/uploads\/2022\/09\/Enscape_2022-02-23-21-10-18_Cena-8-1024x1024.png \" src=\"https:\/\/furmannarch.com\/wp-content\/uploads\/2022\/09\/Enscape_2022-02-23-21-10-18_Cena-8-1024x1024.png\" alt=\"\" class=\"uag-image-1946\" width=\"\" height=\"\" title=\"\"\/><\/figure><\/div>\n<\/div>\n<\/div><\/div>\n\n\n\n<div class=\"wp-block-uagb-container uagb-block-e6e28f9b alignfull uagb-is-root-container\"><div class=\"uagb-container-inner-blocks-wrap\">\n<div class=\"wp-block-uagb-buttons uagb-buttons__outer-wrap uagb-btn__default-btn uagb-btn-tablet__default-btn uagb-btn-mobile__default-btn uagb-block-91b485f5\"><div class=\"uagb-buttons__wrap uagb-buttons-layout-wrap\">\n<div class=\"wp-block-uagb-buttons-child uagb-buttons__outer-wrap uagb-block-98b5fabc wp-block-button is-style-outline\"><div class=\"uagb-button__wrapper\"><a class=\"uagb-buttons-repeater wp-block-button__link\" href=\"\/\/furmannarch.com\/index.php\/services\" rel=\"follow noopener\" target=\"_self\"><div class=\"uagb-button__link\">Voltar para projetos<\/div><\/a><\/div><\/div>\n<\/div><\/div>\n<\/div><\/div>\n","protected":false},"excerpt":{"rendered":"","protected":false},"author":1,"featured_media":0,"parent":0,"menu_order":0,"comment_status":"closed","ping_status":"closed","template":"","meta":{"_uag_custom_page_level_css":"","site-sidebar-layout":"default","site-content-layout":"page-builder","ast-global-header-display":"","ast-main-header-display":"","ast-hfb-above-header-display":"","ast-hfb-below-header-display":"","ast-hfb-mobile-header-display":"","site-post-title":"disabled","ast-breadcrumbs-content":"","ast-featured-img":"","footer-sml-layout":"","theme-transparent-header-meta":"enabled","adv-header-id-meta":"","stick-header-meta":"","header-above-stick-meta":"","header-main-stick-meta":"","header-below-stick-meta":"","footnotes":""},"aioseo_notices":[],"uagb_featured_image_src":{"full":false,"thumbnail":false,"medium":false,"medium_large":false,"large":false,"1536x1536":false,"2048x2048":false},"uagb_author_info":{"display_name":"furmannarch@hotmail.com","author_link":"https:\/\/furmannarch.com\/index.php\/author\/furmannarchhotmail-com\/"},"uagb_comment_info":0,"uagb_excerpt":null,"_links":{"self":[{"href":"https:\/\/furmannarch.com\/index.php\/wp-json\/wp\/v2\/pages\/1938"}],"collection":[{"href":"https:\/\/furmannarch.com\/index.php\/wp-json\/wp\/v2\/pages"}],"about":[{"href":"https:\/\/furmannarch.com\/index.php\/wp-json\/wp\/v2\/types\/page"}],"author":[{"embeddable":true,"href":"https:\/\/furmannarch.com\/index.php\/wp-json\/wp\/v2\/users\/1"}],"replies":[{"embeddable":true,"href":"https:\/\/furmannarch.com\/index.php\/wp-json\/wp\/v2\/comments?post=1938"}],"version-history":[{"count":10,"href":"https:\/\/furmannarch.com\/index.php\/wp-json\/wp\/v2\/pages\/1938\/revisions"}],"predecessor-version":[{"id":1978,"href":"https:\/\/furmannarch.com\/index.php\/wp-json\/wp\/v2\/pages\/1938\/revisions\/1978"}],"wp:attachment":[{"href":"https:\/\/furmannarch.com\/index.php\/wp-json\/wp\/v2\/media?parent=1938"}],"curies":[{"name":"wp","href":"https:\/\/api.w.org\/{rel}","templated":true}]}}