{"id":1961,"date":"2022-09-19T03:44:13","date_gmt":"2022-09-19T03:44:13","guid":{"rendered":"https:\/\/furmannarch.com\/?page_id=1961"},"modified":"2022-09-19T03:57:03","modified_gmt":"2022-09-19T03:57:03","slug":"cozinha-salao","status":"publish","type":"page","link":"https:\/\/furmannarch.com\/index.php\/cozinha-salao\/","title":{"rendered":"Cozinha Sal\u00e3o"},"content":{"rendered":"\n<div class=\"wp-block-uagb-container uagb-block-f7e9135b alignfull uagb-is-root-container\"><div class=\"uagb-container-inner-blocks-wrap\">\n<div class=\"wp-block-uagb-container uagb-block-7102d619\">\n<div class=\"wp-block-uagb-info-box uagb-block-5dc54ad3 uagb-infobox__content-wrap  uagb-infobox-icon-above-title uagb-infobox-image-valign-top\"><div class=\"uagb-ifb-content\"><div class=\"uagb-ifb-title-wrap\"><h3 class=\"uagb-ifb-title\">Cozinha Sal\u00e3o<\/h3><\/div><p class=\"uagb-ifb-desc\">Cozinha bem equipada para servir 50 convidados.<\/p><div class=\"uagb-ifb-button-wrapper wp-block-button\"><a href=\"#\" target=\"_self\" class=\"uagb-infobox-cta-link\" rel=\"noopener noreferrer\" alt=\"\"><span class=\"uagb-inline-editing\">Esta cozinha com cerca de 16m\u00b2 faz parte de um condom\u00ednio e \u00e9 de exclusivo uso do sal\u00e3o de festas, no qual comporta mais de 50 convidados em seus 106 m\u00b2.<br>Para suprir esta grande quantia de convidados, a cozinha foi equipada com muito espa\u00e7o para armazenamento, freezer, geladeira, fog\u00e3o e micro-ondas.<\/span><\/a><\/div><\/div><\/div>\n<\/div>\n<\/div><\/div>\n\n\n\n<div class=\"wp-block-uagb-container uagb-block-0c6f3bf4 alignfull uagb-is-root-container\"><div class=\"uagb-container-inner-blocks-wrap\">\n<div class=\"wp-block-uagb-container uagb-block-479418da\">\n<div class=\"wp-block-uagb-image uagb-block-9514d562 wp-block-uagb-image--layout-default wp-block-uagb-image--effect-static wp-block-uagb-image--align-none\"><figure class=\"wp-block-uagb-image__figure\"><img decoding=\"async\" srcset=\"https:\/\/furmannarch.com\/wp-content\/uploads\/2022\/09\/05-3-1024x576.png \" src=\"https:\/\/furmannarch.com\/wp-content\/uploads\/2022\/09\/05-3-1024x576.png\" alt=\"\" class=\"uag-image-1964\" title=\"\"\/><\/figure><\/div>\n<\/div>\n\n\n\n<div class=\"wp-block-uagb-container uagb-block-c189e398\">\n<div class=\"wp-block-uagb-image uagb-block-3f4c6e71 wp-block-uagb-image--layout-default wp-block-uagb-image--effect-static wp-block-uagb-image--align-none\"><figure class=\"wp-block-uagb-image__figure\"><img decoding=\"async\" srcset=\"https:\/\/furmannarch.com\/wp-content\/uploads\/2022\/09\/04-4-1024x576.png \" src=\"https:\/\/furmannarch.com\/wp-content\/uploads\/2022\/09\/04-4-1024x576.png\" alt=\"\" class=\"uag-image-1965\" title=\"\"\/><\/figure><\/div>\n<\/div>\n<\/div><\/div>\n\n\n\n<div class=\"wp-block-uagb-container uagb-block-84483f51 alignfull uagb-is-root-container\"><div class=\"uagb-container-inner-blocks-wrap\">\n<div class=\"wp-block-uagb-container uagb-block-7c01a0f4\">\n<div class=\"wp-block-uagb-image uagb-block-9bef45f6 wp-block-uagb-image--layout-default wp-block-uagb-image--effect-static wp-block-uagb-image--align-none\"><figure class=\"wp-block-uagb-image__figure\"><img decoding=\"async\" srcset=\"https:\/\/furmannarch.com\/wp-content\/uploads\/2022\/09\/03-2-1024x576.png \" src=\"https:\/\/furmannarch.com\/wp-content\/uploads\/2022\/09\/03-2-1024x576.png\" alt=\"\" class=\"uag-image-1966\" title=\"\"\/><\/figure><\/div>\n<\/div>\n\n\n\n<div class=\"wp-block-uagb-container uagb-block-119402f5\">\n<div class=\"wp-block-uagb-image uagb-block-d25d1465 wp-block-uagb-image--layout-default wp-block-uagb-image--effect-static wp-block-uagb-image--align-none\"><figure class=\"wp-block-uagb-image__figure\"><img decoding=\"async\" srcset=\"https:\/\/furmannarch.com\/wp-content\/uploads\/2022\/09\/02-3-1024x576.png \" src=\"https:\/\/furmannarch.com\/wp-content\/uploads\/2022\/09\/02-3-1024x576.png\" alt=\"\" class=\"uag-image-1967\" title=\"\"\/><\/figure><\/div>\n<\/div>\n<\/div><\/div>\n\n\n\n<div class=\"wp-block-uagb-container uagb-block-9a190cdd alignfull uagb-is-root-container\"><div class=\"uagb-container-inner-blocks-wrap\">\n<div class=\"wp-block-uagb-buttons uagb-buttons__outer-wrap uagb-btn__default-btn uagb-btn-tablet__default-btn uagb-btn-mobile__default-btn uagb-block-0258c9d3\"><div class=\"uagb-buttons__wrap uagb-buttons-layout-wrap\">\n<div class=\"wp-block-uagb-buttons-child uagb-buttons__outer-wrap uagb-block-9c667d9d wp-block-button is-style-outline\"><div class=\"uagb-button__wrapper\"><a class=\"uagb-buttons-repeater wp-block-button__link\" href=\"\/\/furmannarch.com\/index.php\/services\" rel=\"follow noopener\" target=\"_self\"><div class=\"uagb-button__link\">Voltar para projetos<\/div><\/a><\/div><\/div>\n<\/div><\/div>\n<\/div><\/div>\n","protected":false},"excerpt":{"rendered":"","protected":false},"author":1,"featured_media":0,"parent":0,"menu_order":0,"comment_status":"closed","ping_status":"closed","template":"","meta":{"_uag_custom_page_level_css":"","site-sidebar-layout":"default","site-content-layout":"page-builder","ast-global-header-display":"","ast-main-header-display":"","ast-hfb-above-header-display":"","ast-hfb-below-header-display":"","ast-hfb-mobile-header-display":"","site-post-title":"disabled","ast-breadcrumbs-content":"","ast-featured-img":"","footer-sml-layout":"","theme-transparent-header-meta":"enabled","adv-header-id-meta":"","stick-header-meta":"","header-above-stick-meta":"","header-main-stick-meta":"","header-below-stick-meta":"","footnotes":""},"aioseo_notices":[],"uagb_featured_image_src":{"full":false,"thumbnail":false,"medium":false,"medium_large":false,"large":false,"1536x1536":false,"2048x2048":false},"uagb_author_info":{"display_name":"furmannarch@hotmail.com","author_link":"https:\/\/furmannarch.com\/index.php\/author\/furmannarchhotmail-com\/"},"uagb_comment_info":0,"uagb_excerpt":null,"_links":{"self":[{"href":"https:\/\/furmannarch.com\/index.php\/wp-json\/wp\/v2\/pages\/1961"}],"collection":[{"href":"https:\/\/furmannarch.com\/index.php\/wp-json\/wp\/v2\/pages"}],"about":[{"href":"https:\/\/furmannarch.com\/index.php\/wp-json\/wp\/v2\/types\/page"}],"author":[{"embeddable":true,"href":"https:\/\/furmannarch.com\/index.php\/wp-json\/wp\/v2\/users\/1"}],"replies":[{"embeddable":true,"href":"https:\/\/furmannarch.com\/index.php\/wp-json\/wp\/v2\/comments?post=1961"}],"version-history":[{"count":2,"href":"https:\/\/furmannarch.com\/index.php\/wp-json\/wp\/v2\/pages\/1961\/revisions"}],"predecessor-version":[{"id":1969,"href":"https:\/\/furmannarch.com\/index.php\/wp-json\/wp\/v2\/pages\/1961\/revisions\/1969"}],"wp:attachment":[{"href":"https:\/\/furmannarch.com\/index.php\/wp-json\/wp\/v2\/media?parent=1961"}],"curies":[{"name":"wp","href":"https:\/\/api.w.org\/{rel}","templated":true}]}}