{"id":1993,"date":"2023-04-03T19:15:36","date_gmt":"2023-04-03T19:15:36","guid":{"rendered":"https:\/\/furmannarch.com\/?page_id=1993"},"modified":"2023-04-03T19:21:31","modified_gmt":"2023-04-03T19:21:31","slug":"quarto-mcf","status":"publish","type":"page","link":"https:\/\/furmannarch.com\/index.php\/quarto-mcf\/","title":{"rendered":"Quarto MCF"},"content":{"rendered":"\n<div class=\"wp-block-uagb-container uagb-block-3de42d5c alignfull uagb-is-root-container\"><div class=\"uagb-container-inner-blocks-wrap\">\n<div class=\"wp-block-uagb-container uagb-block-523957e5\">\n<div class=\"wp-block-uagb-info-box uagb-block-44dfde76 uagb-infobox__content-wrap  uagb-infobox-icon-above-title uagb-infobox-image-valign-top\"><div class=\"uagb-ifb-content\"><div class=\"uagb-ifb-title-wrap\"><h3 class=\"uagb-ifb-title\">Quarto MCF<\/h3><\/div><p class=\"uagb-ifb-desc\">Quarto desenvolvido para um jovem de 20 anos.<\/p><div class=\"uagb-ifb-button-wrapper wp-block-button\"><a href=\"#\" target=\"_self\" class=\"uagb-infobox-cta-link\" rel=\"noopener noreferrer\" alt=\"\"><span class=\"uagb-inline-editing\">Para suprir as sensa\u00e7\u00f5es desejadas (Foco, descanso e lazer), utilizamos ilumina\u00e7\u00e3o neutra e indireta, que se encaixa bem para todas as atividades requeridas. Para as cores, foram escolhidos tons s\u00f3brios que ajudam a manter o foco, juntamente com a madeira que traz o aconchego.<br>Em especial, constru\u00edmos uma prateleira para expor os t\u00eanis que o Jovem coleciona e tanto gosta.<\/span><\/a><\/div><\/div><\/div>\n<\/div>\n<\/div><\/div>\n\n\n\n<div class=\"wp-block-uagb-container uagb-block-d3ab14e6 alignfull uagb-is-root-container\"><div class=\"uagb-container-inner-blocks-wrap\">\n<div class=\"wp-block-uagb-container uagb-block-8e02919a\">\n<div class=\"wp-block-uagb-image uagb-block-cac49570 wp-block-uagb-image--layout-default wp-block-uagb-image--effect-static wp-block-uagb-image--align-none\"><figure class=\"wp-block-uagb-image__figure\"><img decoding=\"async\" srcset=\"https:\/\/furmannarch.com\/wp-content\/uploads\/2023\/04\/01.png \" src=\"https:\/\/furmannarch.com\/wp-content\/uploads\/2023\/04\/01.png\" alt=\"\" class=\"uag-image-1995\" width=\"\" height=\"\" title=\"\"\/><\/figure><\/div>\n<\/div>\n\n\n\n<div class=\"wp-block-uagb-container uagb-block-13c55d2e\">\n<div class=\"wp-block-uagb-image uagb-block-ce9e5728 wp-block-uagb-image--layout-default wp-block-uagb-image--effect-static wp-block-uagb-image--align-none\"><figure class=\"wp-block-uagb-image__figure\"><img decoding=\"async\" srcset=\"https:\/\/furmannarch.com\/wp-content\/uploads\/2023\/04\/02.png \" src=\"https:\/\/furmannarch.com\/wp-content\/uploads\/2023\/04\/02.png\" alt=\"\" class=\"uag-image-1996\" width=\"\" height=\"\" title=\"\"\/><\/figure><\/div>\n<\/div>\n<\/div><\/div>\n\n\n\n<div class=\"wp-block-uagb-container uagb-block-64b881d4 alignfull uagb-is-root-container\"><div class=\"uagb-container-inner-blocks-wrap\">\n<div class=\"wp-block-uagb-container uagb-block-d85f731d\">\n<div class=\"wp-block-uagb-image uagb-block-84a0901d wp-block-uagb-image--layout-default wp-block-uagb-image--effect-static wp-block-uagb-image--align-none\"><figure class=\"wp-block-uagb-image__figure\"><img decoding=\"async\" srcset=\"https:\/\/furmannarch.com\/wp-content\/uploads\/2023\/04\/03.png \" src=\"https:\/\/furmannarch.com\/wp-content\/uploads\/2023\/04\/03.png\" alt=\"\" class=\"uag-image-1991\" width=\"\" height=\"\" title=\"\"\/><\/figure><\/div>\n<\/div>\n\n\n\n<div class=\"wp-block-uagb-container uagb-block-65ae211b\">\n<div class=\"wp-block-uagb-image uagb-block-5c4a6771 wp-block-uagb-image--layout-default wp-block-uagb-image--effect-static wp-block-uagb-image--align-none\"><figure class=\"wp-block-uagb-image__figure\"><img decoding=\"async\" srcset=\"https:\/\/furmannarch.com\/wp-content\/uploads\/2023\/04\/04.png \" src=\"https:\/\/furmannarch.com\/wp-content\/uploads\/2023\/04\/04.png\" alt=\"\" class=\"uag-image-1998\" width=\"\" height=\"\" title=\"\"\/><\/figure><\/div>\n<\/div>\n<\/div><\/div>\n\n\n\n<div class=\"wp-block-uagb-container uagb-block-d14d99d2 alignfull uagb-is-root-container\"><div class=\"uagb-container-inner-blocks-wrap\">\n<div class=\"wp-block-uagb-buttons uagb-buttons__outer-wrap uagb-btn__default-btn uagb-btn-tablet__default-btn uagb-btn-mobile__default-btn uagb-block-7ee566e4\"><div class=\"uagb-buttons__wrap uagb-buttons-layout-wrap\">\n<div class=\"wp-block-uagb-buttons-child uagb-buttons__outer-wrap uagb-block-a35ac0e8 wp-block-button is-style-outline\"><div class=\"uagb-button__wrapper\"><a class=\"uagb-buttons-repeater wp-block-button__link\" href=\"\/\/furmannarch.com\/index.php\/services\" rel=\"follow noopener\" target=\"_self\"><div class=\"uagb-button__link\">Voltar para projetos<\/div><\/a><\/div><\/div>\n<\/div><\/div>\n<\/div><\/div>\n","protected":false},"excerpt":{"rendered":"","protected":false},"author":1,"featured_media":0,"parent":0,"menu_order":0,"comment_status":"closed","ping_status":"closed","template":"","meta":{"_uag_custom_page_level_css":"","site-sidebar-layout":"default","site-content-layout":"page-builder","ast-global-header-display":"","ast-main-header-display":"","ast-hfb-above-header-display":"","ast-hfb-below-header-display":"","ast-hfb-mobile-header-display":"","site-post-title":"disabled","ast-breadcrumbs-content":"","ast-featured-img":"","footer-sml-layout":"","theme-transparent-header-meta":"enabled","adv-header-id-meta":"","stick-header-meta":"","header-above-stick-meta":"","header-main-stick-meta":"","header-below-stick-meta":"","footnotes":""},"aioseo_notices":[],"uagb_featured_image_src":{"full":false,"thumbnail":false,"medium":false,"medium_large":false,"large":false,"1536x1536":false,"2048x2048":false},"uagb_author_info":{"display_name":"furmannarch@hotmail.com","author_link":"https:\/\/furmannarch.com\/index.php\/author\/furmannarchhotmail-com\/"},"uagb_comment_info":0,"uagb_excerpt":null,"_links":{"self":[{"href":"https:\/\/furmannarch.com\/index.php\/wp-json\/wp\/v2\/pages\/1993"}],"collection":[{"href":"https:\/\/furmannarch.com\/index.php\/wp-json\/wp\/v2\/pages"}],"about":[{"href":"https:\/\/furmannarch.com\/index.php\/wp-json\/wp\/v2\/types\/page"}],"author":[{"embeddable":true,"href":"https:\/\/furmannarch.com\/index.php\/wp-json\/wp\/v2\/users\/1"}],"replies":[{"embeddable":true,"href":"https:\/\/furmannarch.com\/index.php\/wp-json\/wp\/v2\/comments?post=1993"}],"version-history":[{"count":3,"href":"https:\/\/furmannarch.com\/index.php\/wp-json\/wp\/v2\/pages\/1993\/revisions"}],"predecessor-version":[{"id":2002,"href":"https:\/\/furmannarch.com\/index.php\/wp-json\/wp\/v2\/pages\/1993\/revisions\/2002"}],"wp:attachment":[{"href":"https:\/\/furmannarch.com\/index.php\/wp-json\/wp\/v2\/media?parent=1993"}],"curies":[{"name":"wp","href":"https:\/\/api.w.org\/{rel}","templated":true}]}}